{"id":2730,"date":"2023-02-13T11:53:06","date_gmt":"2023-02-13T10:53:06","guid":{"rendered":"https:\/\/danyelle-yachting.com\/?page_id=2730"},"modified":"2023-02-13T12:16:03","modified_gmt":"2023-02-13T11:16:03","slug":"privacy-policy","status":"publish","type":"page","link":"https:\/\/danyelle-yachting.com\/hr\/privacy-policy\/","title":{"rendered":"Pravilnik privatnosti"},"content":{"rendered":"<div data-elementor-type=\"wp-page\" data-elementor-id=\"2730\" class=\"elementor elementor-2730\" data-elementor-post-type=\"page\">\n\t\t\t\t\t\t<section class=\"elementor-section elementor-top-section elementor-element elementor-element-5605adff elementor-section-height-min-height elementor-section-boxed elementor-section-height-default elementor-section-items-middle\" data-id=\"5605adff\" data-element_type=\"section\" data-e-type=\"section\" data-settings=\"{&quot;background_background&quot;:&quot;classic&quot;}\">\n\t\t\t\t\t\t\t<div class=\"elementor-background-overlay\"><\/div>\n\t\t\t\t\t\t\t<div class=\"elementor-container elementor-column-gap-default\">\n\t\t\t\t\t<div class=\"elementor-column elementor-col-100 elementor-top-column elementor-element elementor-element-4d37ed99\" data-id=\"4d37ed99\" data-element_type=\"column\" data-e-type=\"column\">\n\t\t\t<div class=\"elementor-widget-wrap elementor-element-populated\">\n\t\t\t\t\t\t<div class=\"elementor-element elementor-element-4dd85260 elementor-widget elementor-widget-heading\" data-id=\"4dd85260\" data-element_type=\"widget\" data-e-type=\"widget\" data-widget_type=\"heading.default\">\n\t\t\t\t<div class=\"elementor-widget-container\">\n\t\t\t\t\t<h2 class=\"elementor-heading-title elementor-size-default\">Read our privacy policy<\/h2>\t\t\t\t<\/div>\n\t\t\t\t<\/div>\n\t\t\t\t<div class=\"elementor-element elementor-element-29dacdce heading elementor-widget elementor-widget-heading\" data-id=\"29dacdce\" data-element_type=\"widget\" data-e-type=\"widget\" data-widget_type=\"heading.default\">\n\t\t\t\t<div class=\"elementor-widget-container\">\n\t\t\t\t\t<div class=\"elementor-heading-title elementor-size-default\">Pravilnik privatnosti<\/div>\t\t\t\t<\/div>\n\t\t\t\t<\/div>\n\t\t\t\t\t<\/div>\n\t\t<\/div>\n\t\t\t\t\t<\/div>\n\t\t<\/section>\n\t\t\t\t<section class=\"elementor-section elementor-top-section elementor-element elementor-element-13a298ab elementor-section-boxed elementor-section-height-default elementor-section-height-default elementor-invisible\" data-id=\"13a298ab\" data-element_type=\"section\" data-e-type=\"section\" data-settings=\"{&quot;animation&quot;:&quot;fadeInUp&quot;,&quot;animation_delay&quot;:400}\">\n\t\t\t\t\t\t<div class=\"elementor-container elementor-column-gap-default\">\n\t\t\t\t\t<div class=\"elementor-column elementor-col-100 elementor-top-column elementor-element elementor-element-6bdf4f2d\" data-id=\"6bdf4f2d\" data-element_type=\"column\" data-e-type=\"column\">\n\t\t\t<div class=\"elementor-widget-wrap elementor-element-populated\">\n\t\t\t\t\t\t<div class=\"elementor-element elementor-element-1556964 elementor-widget elementor-widget-text-editor\" data-id=\"1556964\" data-element_type=\"widget\" data-e-type=\"widget\" data-widget_type=\"text-editor.default\">\n\t\t\t\t<div class=\"elementor-widget-container\">\n\t\t\t\t\t\t\t\t\t<p>Za\u0161titu Va\u0161ih osobnih podataka shva\u0107amo vrlo ozbiljno i stoga uvijek nastojimo kori\u0161tenje na\u0161ih usluga u\u010diniti sigurnim. Obvezni smo po\u0161tivati Zakon o za\u0161titi osobnih podatka. Ova izjava o za\u0161titi podataka slu\u017ei za poja\u0161njenje o tome koje podatke od Vas prikupljamo, u koju svrhu ih koristimo te kako ih \u0161titimo.<\/p><p>Sadr\u017eaj<\/p><p>\u2022 Podru\u010dje primjene<br \/>\u2022 Koji se podaci prikupljaju i proslje\u0111uju<br \/>\u2022 Pra\u0107enje od tre\u0107ih strana putem interneta<br \/>\u2022 Mjerenje konverzije pomo\u0107u piksela za pra\u0107enje aktivnosti posjetitelja Facebooka<br \/>\u2022 Dijeljenje (sharing)<br \/>\u2022 Kori\u0161tenje podataka<br \/>\u2022 Sigurnost i proslje\u0111ivanje podataka<br \/>\u2022 Pravo opoziva, davanje informacija, promjena podataka i kontakt<\/p><p><br \/>1. Podru\u010dje primjene<\/p><p>Ova izjava vrijedi za kori\u0161tenje usluga i materijala DanYelle Yachting d.o.o. od strane klijenata DanYelle Yachting d.o.o. te zaposlenje u DanYelle Yachting d.o.o.<br \/>Molimo Vas imajte na umu da \u0107e u okviru unapre\u0111enja na\u0161ih aktivnosti u svrhu pobolj\u0161anja na\u0161ih usluga mo\u017eda biti potrebne dopune ove izjave o za\u0161titi podataka. U tom slu\u010daju, o tome \u0107emo Vas obavijestiti.<\/p><p>2. Koji se podaci prikupljaju i proslje\u0111uju<\/p><p>Osobni podaci koje obra\u0111ujemo su podaci o Vama kao klijentu, prikupljeni prilikom Va\u0161eg naru\u010divanja i posje\u0107ivanja DanYelle Yachting d.o.o. odnosno prilikom Va\u0161eg ispunjavanja Izjave o suglasnosti klijenta, podaci o Vama kao djelatnicima DanYelle Yachting d.o.o. temeljem Zakona o radu i drugih va\u017ee\u0107ih propisa, prilikom Va\u0161ih uplata putem bankovnog ra\u010duna ili prilikom zasnivanja i izvr\u0161avanja ugovornih odnosa izme\u0111u Vas i DanYelle Yachting d.o.o. , koji se mogu direktno ili indirektno povezati s Vama. To su sljede\u0107i podaci: puno ime i prezime, telefonski broj(evi), adresa stanovanja, e-mail adresa, datum ro\u0111enja, OIB, bankovni podaci u slu\u010daju uplata putem banke.<\/p><p>3. Pra\u0107enje od tre\u0107ih strana putem interneta<\/p><p>Na\u0161e internetske stranice mo\u017eete koristiti bez da se na njih registrirate i\/ili prijavite, a pri tom se mogu koristiti sljede\u0107i alati:<\/p><p>Kola\u010di\u0107i<\/p><p>U svrhu pobolj\u0161avanja va\u0161ega iskustva pregledavanja ove web stranice, moramo na va\u0161e ra\u010dunalo spremiti malenu koli\u010dinu informacija (kola\u010di\u0107a \u2013 eng. naziv cookies). Preko 90 % svih web stranica koristi ovu praksu no prema regulacijama Europske unije od 25.03.2011. obvezni smo prije spremanja kola\u010di\u0107a zatra\u017eiti va\u0161 pristanak. Kori\u0161tenjem na\u0161e web stranice pristajete na uporabu kola\u010di\u0107a. Blokiranjem kola\u010di\u0107a i dalje mo\u017eete pregledavati stranicu, no neke njezine mogu\u0107nosti Vam ne\u0107e biti dostupne.<\/p><p>\u0160to je kola\u010di\u0107? Kola\u010di\u0107 je informacija spremljena na Va\u0161e ra\u010dunalo od strane web stranice koju posjetite. Kola\u010di\u0107i obi\u010dno spremaju Va\u0161e postavke, postavke za web stranicu, kao \u0161to je preferirani jezik. Kasnije, kada opet otvorite istu web stranicu internet preglednik \u0161alje natrag kola\u010di\u0107e koji pripadaju toj stranici. Ovo omogu\u0107ava stranici da prika\u017ee informacije prilago\u0111ene Va\u0161im potrebama.<\/p><p>Zadane aktivnosti spremanja i slanja kola\u010di\u0107a Vama nisu vidljive. Ipak, mo\u017eete promijeniti Va\u0161e postavke internet preglednika da mo\u017eete sami birati ho\u0107ete li zahtjeve za spremanje kola\u010di\u0107a odobriti ili odbiti, pobri\u0161ete spremljene kola\u010di\u0107e automatski pri zatvaranju internet preglednika i sli\u010dno.<\/p><p>Google AdWords<br \/>Ovaj alat mo\u017ee se koristiti za pohranu posjeta web stranici u svrhu promid\u017ebe (remarketing) u Googleu i u Display Networku. Va\u0161 preglednik pohranjuje kola\u010di\u0107e prilikom Va\u0161e posjete web stranici koji omogu\u0107uju da Vas se prepozna kao posjetitelja kada u\u010ditate web stranice koje pripadaju mre\u017ei Googlea. Na tim stranicama Vam se kao posjetitelju nude oglasi koji se odnose na sadr\u017eaj koji ste ve\u0107 prije u\u010ditali na nekim drugim web stranicama koji koriste opcije remarketinga pru\u017eatelja Google. Mo\u017eete odbiti prikupljanje podataka kroz Google AdWords na web stranici http:\/\/www.google.com\/settings\/ads.<\/p><p>Google AdWords pra\u0107enje konverzija<br \/>Time se mogu kreirati statistike konverzije koje mjere u\u010dinkovitost na\u0161ih online reklamnih kampanja. Kola\u010di\u0107 za pra\u0107enje konverzije postavlja se kada korisnik klikne na oglas kojeg je postavio Google. Prema odredbama o za\u0161titi podataka pru\u017eatelja Google, ne obra\u0111uju se nikakvi osobnih podaci. Ako ne \u017eelite sudjelovati u pra\u0107enju, mo\u017eete obustaviti kori\u0161tenje podatka u tu svrhu na na\u010din da kola\u010di\u0107 za pra\u0107enje konverzije pru\u017eatelja Google deaktivirate preko postavki za kori\u0161tenje kola\u010di\u0107a u Va\u0161em web pregledniku.<\/p><p>Molimo imajte na umu kako aktualni internetski preglednici prihva\u0107aju \u201ckola\u010di\u0107e\u201d sukladno standardnim, ve\u0107 zadanim postavkama. Vi mo\u017eete postavke u Va\u0161em pregledniku postaviti tako da ne dozvoljavaju sve ili samo odre\u0111ene \u201ckola\u010di\u0107e\u201d ili da Vas se tra\u017ei za odobrenje za prihva\u0107anje novog \u201ckola\u010di\u0107a\u201d. Upute za prihva\u0107anje \u201ckola\u010di\u0107a\u201d mo\u017eete kod ve\u0107ine preglednika prona\u0107i putem opcije \u201cpomo\u0107\u201d u listi izbornika. U tim uputama \u0107ete prona\u0107i i upute za brisanje ve\u0107 prihva\u0107enih \u201ckola\u010di\u0107a\u201d.<\/p><p>4. Mjerenje konverzije pomo\u0107u piksela za pra\u0107enje aktivnosti posjetitelja Facebooka<\/p><p>U okviru internetskog nastupa koristi se \u201cPiksel za pra\u0107enje aktivnosti posjetitelja\u201d Facebooka Inc., 1601 S. California Ave, Palo Alto, CA 94304, SAD (\u201cFacebook\u201d). To je \u201ekola\u010di\u0107\u201c, dakle, mala tekstualna datoteka koja se pohranjuje na Va\u0161e ra\u010dunalo i mo\u017ee se u\u010ditati s Va\u0161eg ra\u010dunala. Pomo\u0107u njega mogu se pratiti aktivnosti korisnika nakon \u0161to su oni vidjeli ili kliknuli na oglas na Facebooku. Na taj na\u010din mo\u017ee se mjeriti u\u010dinkovitost oglasa na Facebooku u svrhu statisti\u010dkih vrednovanja i istra\u017eivanja tr\u017ei\u0161ta. Tako prikupljeni podaci su za nas anonimni, tj. ne mogu se povezati s identitetom korisnika. Me\u0111utim, ti se podaci pohranjuju i obra\u0111uju od strane Facebooka, tako da se ti podaci mogu povezati s doti\u010dnim profilom korisnika i Facebook ih mo\u017ee koristiti u vlastite promid\u017ebene svrhe sukladno Izjavi o za\u0161titi podataka za kori\u0161tenje Facebooka (\u201chttp:\/\/www.facebook.com\/about\/privacy \/). Vi mo\u017eete Facebooku i njegovim partnerima omogu\u0107iti ogla\u0161avanje na Facebooku i izvan Facebooka. U tu svrhu \u0107e se pohraniti \u201ckola\u010di\u0107\u201d na Va\u0161e ra\u010dunalo. Vi\u0161e informacija potra\u017eite u Izjavi o za\u0161titi podataka navedene dru\u0161tvene mre\u017ee.<\/p><p>5. Dijeljenje (sharing)<\/p><p>Na na\u0161oj web stranici su integrirana polja za dijeljenje na dru\u0161tvenim mre\u017eama Facebook, 1601 South California Avenue, Palo Alto, CA 94304, SAD kao i Instagram, San Francisco, California, SAD. Osim toga mo\u017ee biti integrirano i polje za dijeljenje putem e-maila. Polja za dijeljenje mo\u017eete prepoznati po njihovom logotipu.<\/p><p>Tek kada kliknete na doti\u010dno \u201cpolje za dijeljenje\u201d na na\u0161oj web stranici (i samo tada), uspostavlja se direktna veza izme\u0111u preglednika i servera operatera doti\u010dne dru\u0161tvene mre\u017ee. Prema operaterima navedenih dru\u0161tvenih mre\u017ea bez klika na doti\u010dno polje za dijeljenje ne prikupljaju se nikakvi osobni podaci od strane dru\u0161tvenih mre\u017ea. Samo kod osoba prijavljenih na doti\u010dne dru\u0161tvene mre\u017ee se ti podaci, me\u0111u ostalim i IP adresa, prikupljaju i i obra\u0111uju. Ako ne \u017eelite da se Va\u0161 posjet na na\u0161oj web stranici pove\u017ee s Va\u0161im korisni\u010dkim ra\u010dunom na dru\u0161tvenim mre\u017eama, molimo odjavite se iz korisni\u010dkog ra\u010duna na doti\u010dnoj dru\u0161tvenoj mre\u017ei.<\/p><p>Na ovom mjestu nagla\u0161avamo da DanYelle Yachting d.o.o. nema uvid u sadr\u017eaj prenesenih podataka, kao i njihovo kori\u0161tenje od strane dru\u0161tvenih mre\u017ea. Vi\u0161e informacija o kori\u0161tenju podataka od strane dru\u0161tvenih mre\u017ea mo\u017eete prona\u0107i u Izjavi o za\u0161titi podataka navedenih dru\u0161tvenih mre\u017ea.<\/p><p>6. Kori\u0161tenje podataka<\/p><p>Va\u0161e osobne podatke koristimo u potpunosti u skladu sa zakonskim odredbama.<br \/>Osobni podaci koje nam dajete na raspolaganje prilikom Va\u0161eg naru\u010divanja i dolaska u DanYelle Yachting d.o.o., prilikom Va\u0161eg ispunjavanja Izjave o suglasnosti klijenta, prilikom Va\u0161ih uplata putem banke ili prilikom zasnivanja i izvr\u0161avanja ugovornih odnosa izme\u0111u Vas i DanYelle Yachting d.o.o., prikupljat \u0107e se i obra\u0111ivati isklju\u010divo u okviru ispunjavanja na\u0161ih zakonskih obveza (primjerice, podaci o djelatnicima koje je DanYelle Yachting d.o.o. du\u017ean prikupljati prema Zakonu o radu) ili ugovornih obaveza prema Vama temeljem Va\u0161e suglasnosti.<br \/>Nakon \u0161to nam date Va\u0161u izri\u010ditu suglasnost, Va\u0161e \u0107emo podatke koristiti za dostavu materijala vezanih uz predmetne usluge, me\u0111usobnu komunikaciju, uklju\u010duju\u0107i i \u010destitanje ro\u0111endana, i s time povezanih radnji i aktivnosti, kao i da Vas obavijestimo o ponudi usluga DanYelle Yachting d.o.o., akcijama s popustima, novitetima, radionicama, edukacijama, promocijama, te u svrhu promid\u017ebe DanYelle Yachting d.o.o..<\/p><p>7. Sigurnost i proslje\u0111ivanje podataka<\/p><p>Za za\u0161titu Va\u0161ih podatka koristimo lozinke, firewall za web, antivirusne programe i druge sigurnosne mjere prema trenutnom stanju tehnologije. Kod komunikacije putem e-maila mo\u017ee se jam\u010diti sigurnost podataka pri prijenosu samo prema aktualnom stanju tehnike.<\/p><p>Podaci o klijentu navedeni u Izjavi o suglasnosti klijenta \u010duvaju se na originalu spomenute izjave i u elektronskom obliku. Originali navedenih izjava pohranjeni su u ormaru kojemu je pristup za\u0161ti\u0107en klju\u010dem, a pristup popisu klijenata DanYelle Yachting d.o.o. i podacima o klijentima s izjave koji su pohranjeni u elektronskom obliku za\u0161ti\u0107en je lozinkom. Razdoblje \u010duvanja spomenutih podataka je dvije godine od datuma posljednje interakcije klijenta s DanYelle Yachting d.o.o.<br \/>Originali Izjava o suglasnosti klijenta mehani\u010dki se uni\u0161tavaju protekom dvije godine od datuma posljednje interakcije klijenta s DanYelle Yachting d.o.o.<\/p><p>Pristup popisu s podacima klijenata i Izjavama o suglasnosti klijenta imaju direktor DanYelle Yachting d.o.o. kao odgovorna osoba i djelatnici DanYelle Yachting d.o.o., budu\u0107i je takav pristup potreban za izvr\u0161avanje obveza i usluga DanYelle Yachting d.o.o. predmetnim klijentima, te je isti ure\u0111en sukladno va\u017ee\u0107em zakonodavstvu. Svaki klijent ima pravo uvida u osobne podatke koji se o njemu nalaze u popisu klijenata DanYelle Yachting d.o.o. i koji se o njemu obra\u0111uju (primjerice u popisu korisnika usluge).<br \/>Osobni podaci koje je klijent naveo u svrhu pla\u0107anja putem banke prikupljaju se u elektroni\u010dkom obliku i pohranjuju u kompjutoru, pri \u010demu je pristup za\u0161ti\u0107en lozinkom. Navedenim podacima pristup ima direktor DanYelle Yachting d.o.o. Razdoblje \u010duvanja navedenih podataka odre\u0111uje se sukladno va\u017ee\u0107im propisima, posebice ra\u010dunovodstvenim.<\/p><p>Osobni podaci koji se prikupljaju \u010duvaju se koliko je potrebno za ispunjenje svrhe prikupljanja i obrade podataka. Podaci o klijentima navedeni u Izjavi o suglasnosti klijenta koji se prikupljaju u svrhu slanja obavijesti o uslugama DanYelle Yachting d.o.o. i njegove promid\u017ebe \u010duvaju se do povla\u010denja suglasnosti od strane klijenta, a najkasnije do isteka dvije godine od datuma posljednje interakcije klijenta u DanYelle Yachting d.o.o.<br \/>Odgovorne osobe i djelatnici DanYelle Yachting d.o.o. koji imaju pravo i ovlast pristupa osobnim podacima koje prikuplja DanYelle Yachting d.o.o. obvezuju se potpisom Izjave o \u010duvanju povjerljivosti na trajno \u010duvanje povjerljivosti osobnih podataka i postupanje sukladno va\u017ee\u0107em zakonodavstvu i pravilima DanYelle Yachting d.o.o.<br \/>Va\u0161i se osobni podaci mogu proslijediti \/ prepustiti odre\u0111enim ugovornim partnerima DanYelle Yachting d.o.o., ukoliko ih DanYelle Yachting d.o.o. odlu\u010di anga\u017eirati.<br \/>Naime, mo\u017eemo anga\u017eirati odre\u0111ene partnere za ispunjenje na\u0161ih obaveza (primjerice, ra\u010dunovodstveni servis) i usluga, komunikaciju sa \u010dlanovima, upravljanje na\u0161im online nastupom i pristupom, ispunjenje neke od svrha navedenih u ovoj Izjavi. Va\u0161i \u0107e se osobni podaci proslijediti ugovornom partneru DanYelle Yachting d.o.o. ako su oni potrebni za izvr\u0161enje odre\u0111ene usluge koja je vezana za Vas. Navedene ugovorne partnere birat \u0107emo pa\u017eljivo kako bismo osigurali zakonitu i sigurnu obradu podataka. Nadalje, navedeni ugovorni partneri bit \u0107e obvezni koristiti Va\u0161e osobne podatke samo za odre\u0111ene svrhe u skladu s na\u0161im uputama te u skladu s hrvatskim zakonskim odredbama o za\u0161titi osobnih podataka. Kori\u0161tenje podataka od strane ugovornih partnera u neke druge svrhe je isklju\u010deno.<\/p><p>Va\u0161e osobne podatke ne\u0107emo proslje\u0111ivati drugim osobama osim gore navedenim ugovornim partnerima, jedino ako niste dali svoju suglasnost za to.<br \/>S obzirom na prirodu, opseg, svrhu prikupljanja, kori\u0161tenja i obrade osobnih podataka od strane DanYelle Yachting d.o.o., uklju\u010duju\u0107i \u010dinjenicu da prikupljanje, kori\u0161tenje i obrada nije u velikoj mjeri, niti se prikupljaju posebne kategorije osobnih podataka, odnosno DanYelle Yachting d.o.o. i njegove usluge nisu podlo\u017eni zakonskoj obvezi imenovanja slu\u017ebenika za za\u0161titu osobnih podataka, DanYelle Yachting d.o.o. i nema imenovanog takvog slu\u017ebenika.<\/p><p>8. Pravo opoziva, davanje informacija, promjena podataka i kontakt<\/p><p>Potpisom Izjave o suglasnosti klijenta odnosno kori\u0161tenjem na\u0161ih internetskih stranica suglasni ste s kori\u0161tenjem Va\u0161ih osobnih podataka na na\u010din opisan u navedenoj Izjavi o suglasnosti klijenta i ovoj Izjavi o za\u0161titi podataka.<br \/>Ujedno, sukladno va\u017ee\u0107em zakonodavstvu o za\u0161titi osobnih podataka i pravima koje Vam ono daje kao vlasniku osobnih podataka, s kojima Vas je DanYelle Yachting d.o.o. upoznao, imate i pravo na pristup, ispravak, brisanje ili ograni\u010davanje obrade svojih osobnih podataka; pravo u bilo kojem trenutku povu\u0107i Va\u0161u suglasnost za kori\u0161tenje Va\u0161ih osobnih podataka, za ubudu\u0107e bez navo\u0111enja razloga; kao i pravo na podno\u0161enje prigovora nadzornom tijelu. Povla\u010denje suglasnosti vr\u0161i se pisanim putem (pismom ili e-mailom) na slijede\u0107u javno dostupnu adresu sjedi\u0161ta; DanYelle Yachting d.o.o., Graberje 62A, Zagreb, odnosno booking@danyelle-yachting.com. Takvo povla\u010denje onemogu\u0107it \u0107e budu\u0107e kori\u0161tenje Va\u0161ih osobnih podataka od strane DanYelle Yachting d.o.o..<br \/>Molimo Vas da se na jednu od ovih adresa obratite ako imate pitanja vezana za kori\u0161tenje Va\u0161ih podataka te u svrhu aktualiziranja i ispravka Va\u0161ih podataka.<\/p>\t\t\t\t\t\t\t\t<\/div>\n\t\t\t\t<\/div>\n\t\t\t\t\t<\/div>\n\t\t<\/div>\n\t\t\t\t\t<\/div>\n\t\t<\/section>\n\t\t\t\t<\/div>","protected":false},"excerpt":{"rendered":"<p>Read our privacy policy Za\u0161titu Va\u0161ih osobnih podataka shva\u0107amo vrlo ozbiljno i stoga uvijek nastojimo kori\u0161tenje na\u0161ih usluga u\u010diniti sigurnim. Obvezni smo po\u0161tivati Zakon o za\u0161titi osobnih podatka. Ova izjava o za\u0161titi podataka slu\u017ei za poja\u0161njenje o tome koje podatke od Vas prikupljamo, u koju svrhu ih koristimo te kako ih \u0161titimo. Sadr\u017eaj \u2022 Podru\u010dje [&hellip;]<\/p>","protected":false},"author":1,"featured_media":0,"parent":0,"menu_order":0,"comment_status":"closed","ping_status":"closed","template":"elementor_header_footer","meta":{"_acf_changed":false,"footnotes":""},"class_list":["post-2730","page","type-page","status-publish","hentry"],"acf":[],"_links":{"self":[{"href":"https:\/\/danyelle-yachting.com\/hr\/wp-json\/wp\/v2\/pages\/2730","targetHints":{"allow":["GET"]}}],"collection":[{"href":"https:\/\/danyelle-yachting.com\/hr\/wp-json\/wp\/v2\/pages"}],"about":[{"href":"https:\/\/danyelle-yachting.com\/hr\/wp-json\/wp\/v2\/types\/page"}],"author":[{"embeddable":true,"href":"https:\/\/danyelle-yachting.com\/hr\/wp-json\/wp\/v2\/users\/1"}],"replies":[{"embeddable":true,"href":"https:\/\/danyelle-yachting.com\/hr\/wp-json\/wp\/v2\/comments?post=2730"}],"version-history":[{"count":13,"href":"https:\/\/danyelle-yachting.com\/hr\/wp-json\/wp\/v2\/pages\/2730\/revisions"}],"predecessor-version":[{"id":2767,"href":"https:\/\/danyelle-yachting.com\/hr\/wp-json\/wp\/v2\/pages\/2730\/revisions\/2767"}],"wp:attachment":[{"href":"https:\/\/danyelle-yachting.com\/hr\/wp-json\/wp\/v2\/media?parent=2730"}],"curies":[{"name":"wp","href":"https:\/\/api.w.org\/{rel}","templated":true}]}}