{"id":4282,"date":"2023-07-28T10:44:29","date_gmt":"2023-07-28T08:44:29","guid":{"rendered":"https:\/\/danyelle-yachting.com\/?page_id=4282"},"modified":"2023-07-28T11:10:45","modified_gmt":"2023-07-28T09:10:45","slug":"testing","status":"publish","type":"page","link":"https:\/\/danyelle-yachting.com\/hr\/testing\/","title":{"rendered":"Testing"},"content":{"rendered":"<div data-elementor-type=\"wp-page\" data-elementor-id=\"4282\" class=\"elementor elementor-4282\" data-elementor-post-type=\"page\">\n\t\t\t\t\t\t<section class=\"elementor-section elementor-top-section elementor-element elementor-element-cd7d35d elementor-section-height-min-height elementor-section-boxed elementor-section-height-default elementor-section-items-middle\" data-id=\"cd7d35d\" data-element_type=\"section\" data-e-type=\"section\" data-settings=\"{&quot;background_background&quot;:&quot;classic&quot;}\">\n\t\t\t\t\t\t\t<div class=\"elementor-background-overlay\"><\/div>\n\t\t\t\t\t\t\t<div class=\"elementor-container elementor-column-gap-default\">\n\t\t\t\t\t<div class=\"elementor-column elementor-col-100 elementor-top-column elementor-element elementor-element-7e160fe\" data-id=\"7e160fe\" data-element_type=\"column\" data-e-type=\"column\">\n\t\t\t<div class=\"elementor-widget-wrap elementor-element-populated\">\n\t\t\t\t\t\t<div class=\"elementor-element elementor-element-7888ab9 elementor-widget elementor-widget-heading\" data-id=\"7888ab9\" data-element_type=\"widget\" data-e-type=\"widget\" data-widget_type=\"heading.default\">\n\t\t\t\t<div class=\"elementor-widget-container\">\n\t\t\t\t\t<h1 class=\"elementor-heading-title elementor-size-default\">Testing<\/h1>\t\t\t\t<\/div>\n\t\t\t\t<\/div>\n\t\t\t\t\t<\/div>\n\t\t<\/div>\n\t\t\t\t\t<\/div>\n\t\t<\/section>\n\t\t\t\t<section class=\"elementor-section elementor-top-section elementor-element elementor-element-1301fcc type elementor-section-boxed elementor-section-height-default elementor-section-height-default elementor-invisible\" data-id=\"1301fcc\" data-element_type=\"section\" data-e-type=\"section\" data-settings=\"{&quot;animation&quot;:&quot;fadeInUp&quot;,&quot;animation_delay&quot;:400}\">\n\t\t\t\t\t\t<div class=\"elementor-container elementor-column-gap-default\">\n\t\t\t\t\t<div class=\"elementor-column elementor-col-100 elementor-top-column elementor-element elementor-element-055a163\" data-id=\"055a163\" data-element_type=\"column\" data-e-type=\"column\">\n\t\t\t<div class=\"elementor-widget-wrap elementor-element-populated\">\n\t\t\t\t\t\t<div class=\"elementor-element elementor-element-4b545eb elementor-widget elementor-widget-heading\" data-id=\"4b545eb\" data-element_type=\"widget\" data-e-type=\"widget\" data-widget_type=\"heading.default\">\n\t\t\t\t<div class=\"elementor-widget-container\">\n\t\t\t\t\t<div class=\"elementor-heading-title elementor-size-default\">02<\/div>\t\t\t\t<\/div>\n\t\t\t\t<\/div>\n\t\t\t\t<div class=\"elementor-element elementor-element-02992a9 heading elementor-widget elementor-widget-heading\" data-id=\"02992a9\" data-element_type=\"widget\" data-e-type=\"widget\" data-widget_type=\"heading.default\">\n\t\t\t\t<div class=\"elementor-widget-container\">\n\t\t\t\t\t<div class=\"elementor-heading-title elementor-size-default\">Jahte<\/div>\t\t\t\t<\/div>\n\t\t\t\t<\/div>\n\t\t\t\t<div class=\"elementor-element elementor-element-172dbeb elementor-widget elementor-widget-heading\" data-id=\"172dbeb\" data-element_type=\"widget\" data-e-type=\"widget\" data-widget_type=\"heading.default\">\n\t\t\t\t<div class=\"elementor-widget-container\">\n\t\t\t\t\t<div class=\"elementor-heading-title elementor-size-default\">For charter in Testing<\/div>\t\t\t\t<\/div>\n\t\t\t\t<\/div>\n\t\t\t\t<div class=\"elementor-element elementor-element-5652fc8 elementor-widget elementor-widget-shortcode\" data-id=\"5652fc8\" data-element_type=\"widget\" data-e-type=\"widget\" data-widget_type=\"shortcode.default\">\n\t\t\t\t<div class=\"elementor-widget-container\">\n\t\t\t\t\t\t\t<div class=\"elementor-shortcode\">\n\t\t<!-- Swiper -->\n    \t\t<div class=\"swiper swiper-type\">\n        \t\t<div class=\"swiper-wrapper\">\n\t\n\t\t\t<!-- Slider item -->\n\t\t\t<div class=\"swiper-slide\">\n\t\t\t<!-- First item -->\n\t\t\t<div class=\"apl_boat_loop_slider\">\n\t\t\t\t<div class=\"apl_boat_featured_image\">\n\t\t\t\t\t<a href=\"https:\/\/danyelle-yachting.com\/hr\/yacht\/hangover\/\"><img decoding=\"async\" src=\"https:\/\/danyelle-yachting.com\/wp-content\/uploads\/2023\/02\/catamaran_hangover3.jpg\" alt=\"\"><\/a>\n\t\t\t\t\t<div class=\"apl_boat_category kategorija\"><a href=\"https:\/\/danyelle-yachting.com\/hr\/yachts-for-charter\/catamarans\/\">Katamarani<\/a><\/div>\n\t\t\t\t<\/div>\n\t\t\t\t<div class=\"apl_boat_info\">\n\t\t\t\t\t<div>\n\t\t\t\t\t\t<p class=\"apl_home_port_custom_field\"><i aria-hidden=\"true\" class=\"fas fa-map-marker-alt\"><\/i> Marina Nava, Split<\/p>\n\t\t\t\t\t\t<div class=\"apl_title_price_display\">\n\t\t\t\t\t\t\t<a class=\"apl_boat_title\" href=\"https:\/\/danyelle-yachting.com\/hr\/yacht\/hangover\/\">Lagoon 46 HANGOVER<\/a>\n\t\t\t\t\t\t\t<p class=\"apl_boat_price\">10,600.00 \u20ac<\/p>\n\t\t\t\t\t\t<\/div>\n\t\t\t\t\t\t<p class=\"apl_boat_excerpt\">6-cabin catamaran Lagoon 46 - Hangover was built in 2020 and it can accommodate up to 12 people in 2 single cabins, 4 double cabins and a saloon with 2 extra beds. Catamaran Hangover offers 4 toilets with a shower and many spaces for socializing and enjoyment in secure comfort. Bring your family or friends and have a great time together.<\/p>\n\t\t\t\t\t\t<div class=\"apl_boat_custom_fields\">\n\t\t\t\t\t\t\t<div class=\"apl_custom_field_col1\">\n\t\t\t\t\t\t\t\t<p><i aria-hidden=\"true\" class=\"fas fa-arrows-alt-h\"><\/i> Duljina <span class=\"apl_field_strong\">13.99 m<\/span><\/p>\n\t\t\t\t\t\t\t\t<p><i aria-hidden=\"true\" class=\"fas fa-user\"><\/i> Gosti <span class=\"apl_field_strong\">12<\/span><\/p>\n\t\t\t\t\t\t\t\t<p><i aria-hidden=\"true\" class=\"fas fa-door-open\"><\/i> Kabine: <span class=\"apl_field_strong\">4<\/span><\/p>\n\t\t\t\t\t\t\t<\/div>\n\t\t\t\t\t\t\t<div class=\"apl_custom_field_col2\">\n\t\t\t\t\t\t\t\t<p><i aria-hidden=\"true\" class=\"fas fa-exchange-alt\"><\/i> Brzina <span class=\"apl_field_strong\"><\/span><\/p>\n\t\t\t\t\t\t\t\t<p><i aria-hidden=\"true\" class=\"fas fa-network-wired\"><\/i> Posada: <span class=\"apl_field_strong\"><\/span><\/p>\n\t\t\t\t\t\t\t\t<p><i aria-hidden=\"true\" class=\"fas fa-calendar-alt\"><\/i> Izgra\u0111eno: <span class=\"apl_field_strong\">2020<\/span><\/p>\n\t\t\t\t\t\t\t<\/div>\t\t\t\t\t\t\t\n\t\t\t\t\t\t<\/div>\n\t\t\t\t\t<\/div>\n\t\t\t\t<\/div>\n\t\t\t<\/div>\n\t\t\t<\/div>\n\t\t\t<!-- Slider item -->\n\t\t\t<div class=\"swiper-slide\">\n\t\t\t<!-- First item -->\n\t\t\t<div class=\"apl_boat_loop_slider\">\n\t\t\t\t<div class=\"apl_boat_featured_image\">\n\t\t\t\t\t<a href=\"https:\/\/danyelle-yachting.com\/hr\/yacht\/marinero\/\"><img decoding=\"async\" src=\"https:\/\/danyelle-yachting.com\/wp-content\/uploads\/2023\/02\/catamaran_marinero.jpg\" alt=\"\"><\/a>\n\t\t\t\t\t<div class=\"apl_boat_category kategorija\"><a href=\"https:\/\/danyelle-yachting.com\/hr\/yachts-for-charter\/catamarans\/\">Katamarani<\/a><\/div>\n\t\t\t\t<\/div>\n\t\t\t\t<div class=\"apl_boat_info\">\n\t\t\t\t\t<div>\n\t\t\t\t\t\t<p class=\"apl_home_port_custom_field\"><i aria-hidden=\"true\" class=\"fas fa-map-marker-alt\"><\/i> Marina Nava, Split<\/p>\n\t\t\t\t\t\t<div class=\"apl_title_price_display\">\n\t\t\t\t\t\t\t<a class=\"apl_boat_title\" href=\"https:\/\/danyelle-yachting.com\/hr\/yacht\/marinero\/\">Lagoon 40 MARINERO<\/a>\n\t\t\t\t\t\t\t<p class=\"apl_boat_price\">65,000.00 \u20ac<\/p>\n\t\t\t\t\t\t<\/div>\n\t\t\t\t\t\t<p class=\"apl_boat_excerpt\">6-cabin\u00a0catamaran\u00a0Lagoon 40 - Marinero was built in 2019 and it is docked in Marina Nava, Croatia. Marinero can accommodate up to 12 people in 2 single cabins, 4 double cabins and a saloon with 2 extra beds.<\/p>\n\t\t\t\t\t\t<div class=\"apl_boat_custom_fields\">\n\t\t\t\t\t\t\t<div class=\"apl_custom_field_col1\">\n\t\t\t\t\t\t\t\t<p><i aria-hidden=\"true\" class=\"fas fa-arrows-alt-h\"><\/i> Duljina <span class=\"apl_field_strong\">11.74 m<\/span><\/p>\n\t\t\t\t\t\t\t\t<p><i aria-hidden=\"true\" class=\"fas fa-user\"><\/i> Gosti <span class=\"apl_field_strong\">12<\/span><\/p>\n\t\t\t\t\t\t\t\t<p><i aria-hidden=\"true\" class=\"fas fa-door-open\"><\/i> Kabine: <span class=\"apl_field_strong\">6<\/span><\/p>\n\t\t\t\t\t\t\t<\/div>\n\t\t\t\t\t\t\t<div class=\"apl_custom_field_col2\">\n\t\t\t\t\t\t\t\t<p><i aria-hidden=\"true\" class=\"fas fa-exchange-alt\"><\/i> Brzina <span class=\"apl_field_strong\"><\/span><\/p>\n\t\t\t\t\t\t\t\t<p><i aria-hidden=\"true\" class=\"fas fa-network-wired\"><\/i> Posada: <span class=\"apl_field_strong\"><\/span><\/p>\n\t\t\t\t\t\t\t\t<p><i aria-hidden=\"true\" class=\"fas fa-calendar-alt\"><\/i> Izgra\u0111eno: <span class=\"apl_field_strong\">2019<\/span><\/p>\n\t\t\t\t\t\t\t<\/div>\t\t\t\t\t\t\t\n\t\t\t\t\t\t<\/div>\n\t\t\t\t\t<\/div>\n\t\t\t\t<\/div>\n\t\t\t<\/div>\n\t\t\t<\/div>\n\t\t\t<!-- Slider item -->\n\t\t\t<div class=\"swiper-slide\">\n\t\t\t<!-- First item -->\n\t\t\t<div class=\"apl_boat_loop_slider\">\n\t\t\t\t<div class=\"apl_boat_featured_image\">\n\t\t\t\t\t<a href=\"https:\/\/danyelle-yachting.com\/hr\/yacht\/liquid-spirit\/\"><img decoding=\"async\" src=\"https:\/\/danyelle-yachting.com\/wp-content\/uploads\/2023\/02\/n4-1.jpg\" alt=\"\"><\/a>\n\t\t\t\t\t<div class=\"apl_boat_category kategorija\"><a href=\"https:\/\/danyelle-yachting.com\/hr\/yachts-for-charter\/catamarans\/\">Katamarani<\/a><\/div>\n\t\t\t\t<\/div>\n\t\t\t\t<div class=\"apl_boat_info\">\n\t\t\t\t\t<div>\n\t\t\t\t\t\t<p class=\"apl_home_port_custom_field\"><i aria-hidden=\"true\" class=\"fas fa-map-marker-alt\"><\/i> Marina Pirovac<\/p>\n\t\t\t\t\t\t<div class=\"apl_title_price_display\">\n\t\t\t\t\t\t\t<a class=\"apl_boat_title\" href=\"https:\/\/danyelle-yachting.com\/hr\/yacht\/liquid-spirit\/\">Lagoon 40 LIQUID SPIRIT<\/a>\n\t\t\t\t\t\t\t<p class=\"apl_boat_price\">6,800.00 \u20ac<\/p>\n\t\t\t\t\t\t<\/div>\n\t\t\t\t\t\t<p class=\"apl_boat_excerpt\">Catamaran Lagoon 40 \"Liquid Spirit\" is located in Marina Pirovac, Croatia<strong>.<\/strong> Izgra\u0111en 2020. godine, nudi smje\u0161taj za 8 + 2 + 2 osobe u 4 + 2 kabine, sa 4 WC-a i tu\u0161(a).<\/p>\n\t\t\t\t\t\t<div class=\"apl_boat_custom_fields\">\n\t\t\t\t\t\t\t<div class=\"apl_custom_field_col1\">\n\t\t\t\t\t\t\t\t<p><i aria-hidden=\"true\" class=\"fas fa-arrows-alt-h\"><\/i> Duljina <span class=\"apl_field_strong\">11.74 m<\/span><\/p>\n\t\t\t\t\t\t\t\t<p><i aria-hidden=\"true\" class=\"fas fa-user\"><\/i> Gosti <span class=\"apl_field_strong\">12<\/span><\/p>\n\t\t\t\t\t\t\t\t<p><i aria-hidden=\"true\" class=\"fas fa-door-open\"><\/i> Kabine: <span class=\"apl_field_strong\">6<\/span><\/p>\n\t\t\t\t\t\t\t<\/div>\n\t\t\t\t\t\t\t<div class=\"apl_custom_field_col2\">\n\t\t\t\t\t\t\t\t<p><i aria-hidden=\"true\" class=\"fas fa-exchange-alt\"><\/i> Brzina <span class=\"apl_field_strong\"><\/span><\/p>\n\t\t\t\t\t\t\t\t<p><i aria-hidden=\"true\" class=\"fas fa-network-wired\"><\/i> Posada: <span class=\"apl_field_strong\"><\/span><\/p>\n\t\t\t\t\t\t\t\t<p><i aria-hidden=\"true\" class=\"fas fa-calendar-alt\"><\/i> Izgra\u0111eno: <span class=\"apl_field_strong\">2020<\/span><\/p>\n\t\t\t\t\t\t\t<\/div>\t\t\t\t\t\t\t\n\t\t\t\t\t\t<\/div>\n\t\t\t\t\t<\/div>\n\t\t\t\t<\/div>\n\t\t\t<\/div>\n\t\t\t<\/div>\n\t\t\t<!-- Slider item -->\n\t\t\t<div class=\"swiper-slide\">\n\t\t\t<!-- First item -->\n\t\t\t<div class=\"apl_boat_loop_slider\">\n\t\t\t\t<div class=\"apl_boat_featured_image\">\n\t\t\t\t\t<a href=\"https:\/\/danyelle-yachting.com\/hr\/yacht\/bisou\/\"><img decoding=\"async\" src=\"https:\/\/danyelle-yachting.com\/wp-content\/uploads\/2023\/03\/main-scaled.jpg\" alt=\"\"><\/a>\n\t\t\t\t\t<div class=\"apl_boat_category kategorija\"><a href=\"https:\/\/danyelle-yachting.com\/hr\/yachts-for-charter\/catamarans\/\">Katamarani<\/a><\/div>\n\t\t\t\t<\/div>\n\t\t\t\t<div class=\"apl_boat_info\">\n\t\t\t\t\t<div>\n\t\t\t\t\t\t<p class=\"apl_home_port_custom_field\"><i aria-hidden=\"true\" class=\"fas fa-map-marker-alt\"><\/i> Marina Mandalina, \u0160ibenik<\/p>\n\t\t\t\t\t\t<div class=\"apl_title_price_display\">\n\t\t\t\t\t\t\t<a class=\"apl_boat_title\" href=\"https:\/\/danyelle-yachting.com\/hr\/yacht\/bisou\/\">Bali 4.1 BISOU<\/a>\n\t\t\t\t\t\t\t<p class=\"apl_boat_price\">6,550.00 \u20ac<\/p>\n\t\t\t\t\t\t<\/div>\n\t\t\t\t\t\t<p class=\"apl_boat_excerpt\">Katamaran <b>Bali 4.1 - Bisou<\/b> izgra\u0111ena je 2020. godine i usidrena je u D-Marin marini Mandalina, Hrvatska. Bisou mo\u017ee primiti do 10 osoba u 4 dvokrevetne kabine i salonu s 2 pomo\u0107na le\u017eaja. Jastuci i deke su uklju\u010deni u cijenu. Katamaran Bisou nudi 4 WC-a s tu\u0161em. Povedite svoju obitelj ili prijatelje i provedite nezaboravan odmor!<\/p>\n\t\t\t\t\t\t<div class=\"apl_boat_custom_fields\">\n\t\t\t\t\t\t\t<div class=\"apl_custom_field_col1\">\n\t\t\t\t\t\t\t\t<p><i aria-hidden=\"true\" class=\"fas fa-arrows-alt-h\"><\/i> Duljina <span class=\"apl_field_strong\">12.35 m<\/span><\/p>\n\t\t\t\t\t\t\t\t<p><i aria-hidden=\"true\" class=\"fas fa-user\"><\/i> Gosti <span class=\"apl_field_strong\">10<\/span><\/p>\n\t\t\t\t\t\t\t\t<p><i aria-hidden=\"true\" class=\"fas fa-door-open\"><\/i> Kabine: <span class=\"apl_field_strong\">4<\/span><\/p>\n\t\t\t\t\t\t\t<\/div>\n\t\t\t\t\t\t\t<div class=\"apl_custom_field_col2\">\n\t\t\t\t\t\t\t\t<p><i aria-hidden=\"true\" class=\"fas fa-exchange-alt\"><\/i> Brzina <span class=\"apl_field_strong\"><\/span><\/p>\n\t\t\t\t\t\t\t\t<p><i aria-hidden=\"true\" class=\"fas fa-network-wired\"><\/i> Posada: <span class=\"apl_field_strong\"><\/span><\/p>\n\t\t\t\t\t\t\t\t<p><i aria-hidden=\"true\" class=\"fas fa-calendar-alt\"><\/i> Izgra\u0111eno: <span class=\"apl_field_strong\">2020<\/span><\/p>\n\t\t\t\t\t\t\t<\/div>\t\t\t\t\t\t\t\n\t\t\t\t\t\t<\/div>\n\t\t\t\t\t<\/div>\n\t\t\t\t<\/div>\n\t\t\t<\/div>\n\t\t\t<\/div>\n\t\t\t\t<\/div>\n\t\t\t\t<div class=\"swiper-button-next swiper-button-next-products\"><\/div>\n\t\t\t\t<div class=\"swiper-button-prev swiper-button-prev-products\"><\/div>\n\t\t\t\t<div class=\"swiper-pagination\"><\/div>\n\t\t\t<\/div>\n\t<\/div>\n\t\t\t\t\t\t<\/div>\n\t\t\t\t<\/div>\n\t\t\t\t\t<\/div>\n\t\t<\/div>\n\t\t\t\t\t<\/div>\n\t\t<\/section>\n\t\t\t\t<\/div>","protected":false},"excerpt":{"rendered":"<p>02 Yachts<\/p>","protected":false},"author":1,"featured_media":0,"parent":0,"menu_order":0,"comment_status":"closed","ping_status":"closed","template":"","meta":{"_acf_changed":false,"footnotes":""},"class_list":["post-4282","page","type-page","status-publish","hentry"],"acf":[],"_links":{"self":[{"href":"https:\/\/danyelle-yachting.com\/hr\/wp-json\/wp\/v2\/pages\/4282","targetHints":{"allow":["GET"]}}],"collection":[{"href":"https:\/\/danyelle-yachting.com\/hr\/wp-json\/wp\/v2\/pages"}],"about":[{"href":"https:\/\/danyelle-yachting.com\/hr\/wp-json\/wp\/v2\/types\/page"}],"author":[{"embeddable":true,"href":"https:\/\/danyelle-yachting.com\/hr\/wp-json\/wp\/v2\/users\/1"}],"replies":[{"embeddable":true,"href":"https:\/\/danyelle-yachting.com\/hr\/wp-json\/wp\/v2\/comments?post=4282"}],"version-history":[{"count":10,"href":"https:\/\/danyelle-yachting.com\/hr\/wp-json\/wp\/v2\/pages\/4282\/revisions"}],"predecessor-version":[{"id":4293,"href":"https:\/\/danyelle-yachting.com\/hr\/wp-json\/wp\/v2\/pages\/4282\/revisions\/4293"}],"wp:attachment":[{"href":"https:\/\/danyelle-yachting.com\/hr\/wp-json\/wp\/v2\/media?parent=4282"}],"curies":[{"name":"wp","href":"https:\/\/api.w.org\/{rel}","templated":true}]}}