{"id":183,"date":"2023-01-16T14:32:16","date_gmt":"2023-01-16T13:32:16","guid":{"rendered":"https:\/\/danyelle-yachting.com\/?post_type=product&#038;p=183"},"modified":"2023-02-11T16:05:32","modified_gmt":"2023-02-11T15:05:32","slug":"anna-wo","status":"publish","type":"product","link":"https:\/\/danyelle-yachting.com\/hr\/yacht\/anna-wo\/","title":{"rendered":"Anna Wo"},"content":{"rendered":"<p>Luksuzna motorna jahta Princess 58-Anna Wo je elegantna jahta duga 17,4 m dostupna za najam jahti s posadom u Hrvatskoj. Gosti \u0107e u\u017eivati \u200b\u200bu vrhunskoj usluzi koju pru\u017ea izvrsna posada koju \u010dine kapetan i stjuardesa. Njezine vrhunske karakteristike i iznimna gostoljubivost na brodu osigurat \u0107e najbolji charter odmor.<\/p>","protected":false},"excerpt":{"rendered":"<p>Luksuzna motorna jahta Princess 58-Anna Wo je elegantna jahta duga 17,4 m dostupna za najam jahti s posadom u Hrvatskoj. Gosti \u0107e u\u017eivati \u200b\u200bu vrhunskoj usluzi koju pru\u017ea izvrsna posada koju \u010dine kapetan i stjuardesa. Njezine vrhunske karakteristike i iznimna gostoljubivost na brodu osigurat \u0107e najbolji charter odmor.<\/p>","protected":false},"featured_media":184,"template":"","meta":{"_acf_changed":false},"product_brand":[],"product_cat":[18],"product_tag":[],"homepage":[35],"destination_taxonomy":[],"class_list":{"0":"post-183","1":"product","2":"type-product","3":"status-publish","4":"has-post-thumbnail","6":"product_cat-motor-yachts","7":"homepage-show-product-on-home-page","9":"first","10":"instock","11":"shipping-taxable","12":"purchasable","13":"product-type-simple"},"acf":{"photo_gallery":{"gallery_photos":[[{"id":663,"title":"2","caption":"","full_image_url":"https:\/\/danyelle-yachting.com\/wp-content\/uploads\/2023\/01\/2.jpg","thumbnail_image_url":"https:\/\/danyelle-yachting.com\/wp-content\/uploads\/2023\/01\/2-150x150.jpg","large_srcset":"https:\/\/danyelle-yachting.com\/wp-content\/uploads\/2023\/01\/2-1024x559.jpg 1024w, https:\/\/danyelle-yachting.com\/wp-content\/uploads\/2023\/01\/2-300x164.jpg 300w, https:\/\/danyelle-yachting.com\/wp-content\/uploads\/2023\/01\/2-768x419.jpg 768w, https:\/\/danyelle-yachting.com\/wp-content\/uploads\/2023\/01\/2-600x327.jpg 600w, https:\/\/danyelle-yachting.com\/wp-content\/uploads\/2023\/01\/2.jpg 1100w","medium_srcset":"https:\/\/danyelle-yachting.com\/wp-content\/uploads\/2023\/01\/2-300x164.jpg 300w, https:\/\/danyelle-yachting.com\/wp-content\/uploads\/2023\/01\/2-1024x559.jpg 1024w, https:\/\/danyelle-yachting.com\/wp-content\/uploads\/2023\/01\/2-768x419.jpg 768w, https:\/\/danyelle-yachting.com\/wp-content\/uploads\/2023\/01\/2-600x327.jpg 600w, https:\/\/danyelle-yachting.com\/wp-content\/uploads\/2023\/01\/2.jpg 1100w","media_details":{"width":1100,"height":600,"sizes":{"medium":{"file":"2-300x164.jpg","width":300,"height":164,"mime-type":"image\/jpeg","filesize":10703,"source_url":"https:\/\/danyelle-yachting.com\/wp-content\/uploads\/2023\/01\/2-300x164.jpg"},"large":{"file":"2-1024x559.jpg","width":1024,"height":559,"mime-type":"image\/jpeg","filesize":118560,"source_url":"https:\/\/danyelle-yachting.com\/wp-content\/uploads\/2023\/01\/2-1024x559.jpg"},"thumbnail":{"file":"2-150x150.jpg","width":150,"height":150,"mime-type":"image\/jpeg","filesize":5324,"source_url":"https:\/\/danyelle-yachting.com\/wp-content\/uploads\/2023\/01\/2-150x150.jpg"},"medium_large":{"file":"2-768x419.jpg","width":768,"height":419,"mime-type":"image\/jpeg","filesize":67138,"source_url":"https:\/\/danyelle-yachting.com\/wp-content\/uploads\/2023\/01\/2-768x419.jpg"},"woocommerce_thumbnail":{"file":"2-300x300.jpg","width":300,"height":300,"mime-type":"image\/jpeg","filesize":18277,"uncropped":false,"source_url":"https:\/\/danyelle-yachting.com\/wp-content\/uploads\/2023\/01\/2-300x300.jpg"},"woocommerce_single":{"file":"2-600x327.jpg","width":600,"height":327,"mime-type":"image\/jpeg","filesize":40348,"source_url":"https:\/\/danyelle-yachting.com\/wp-content\/uploads\/2023\/01\/2-600x327.jpg"},"woocommerce_gallery_thumbnail":{"file":"2-100x100.jpg","width":100,"height":100,"mime-type":"image\/jpeg","filesize":2736,"source_url":"https:\/\/danyelle-yachting.com\/wp-content\/uploads\/2023\/01\/2-100x100.jpg"}}},"alt_text":"","url":"","target":""},{"id":665,"title":"011-978d0c8194","caption":"","full_image_url":"https:\/\/danyelle-yachting.com\/wp-content\/uploads\/2023\/01\/011-978d0c8194.jpg","thumbnail_image_url":"https:\/\/danyelle-yachting.com\/wp-content\/uploads\/2023\/01\/011-978d0c8194-150x150.jpg","large_srcset":"https:\/\/danyelle-yachting.com\/wp-content\/uploads\/2023\/01\/011-978d0c8194.jpg 670w, https:\/\/danyelle-yachting.com\/wp-content\/uploads\/2023\/01\/011-978d0c8194-300x184.jpg 300w, https:\/\/danyelle-yachting.com\/wp-content\/uploads\/2023\/01\/011-978d0c8194-600x367.jpg 600w","medium_srcset":"https:\/\/danyelle-yachting.com\/wp-content\/uploads\/2023\/01\/011-978d0c8194-300x184.jpg 300w, https:\/\/danyelle-yachting.com\/wp-content\/uploads\/2023\/01\/011-978d0c8194-600x367.jpg 600w, https:\/\/danyelle-yachting.com\/wp-content\/uploads\/2023\/01\/011-978d0c8194.jpg 670w","media_details":{"width":670,"height":410,"sizes":{"medium":{"file":"011-978d0c8194-300x184.jpg","width":300,"height":184,"mime-type":"image\/jpeg","filesize":11844,"source_url":"https:\/\/danyelle-yachting.com\/wp-content\/uploads\/2023\/01\/011-978d0c8194-300x184.jpg"},"thumbnail":{"file":"011-978d0c8194-150x150.jpg","width":150,"height":150,"mime-type":"image\/jpeg","filesize":6043,"source_url":"https:\/\/danyelle-yachting.com\/wp-content\/uploads\/2023\/01\/011-978d0c8194-150x150.jpg"},"woocommerce_thumbnail":{"file":"011-978d0c8194-300x300.jpg","width":300,"height":300,"mime-type":"image\/jpeg","filesize":18108,"uncropped":false,"source_url":"https:\/\/danyelle-yachting.com\/wp-content\/uploads\/2023\/01\/011-978d0c8194-300x300.jpg"},"woocommerce_single":{"file":"011-978d0c8194-600x367.jpg","width":600,"height":367,"mime-type":"image\/jpeg","filesize":35761,"source_url":"https:\/\/danyelle-yachting.com\/wp-content\/uploads\/2023\/01\/011-978d0c8194-600x367.jpg"},"woocommerce_gallery_thumbnail":{"file":"011-978d0c8194-100x100.jpg","width":100,"height":100,"mime-type":"image\/jpeg","filesize":3299,"source_url":"https:\/\/danyelle-yachting.com\/wp-content\/uploads\/2023\/01\/011-978d0c8194-100x100.jpg"}}},"alt_text":"","url":"","target":""},{"id":664,"title":"010-989ae34840","caption":"","full_image_url":"https:\/\/danyelle-yachting.com\/wp-content\/uploads\/2023\/01\/010-989ae34840.jpg","thumbnail_image_url":"https:\/\/danyelle-yachting.com\/wp-content\/uploads\/2023\/01\/010-989ae34840-150x150.jpg","large_srcset":"https:\/\/danyelle-yachting.com\/wp-content\/uploads\/2023\/01\/010-989ae34840.jpg 670w, https:\/\/danyelle-yachting.com\/wp-content\/uploads\/2023\/01\/010-989ae34840-300x184.jpg 300w, https:\/\/danyelle-yachting.com\/wp-content\/uploads\/2023\/01\/010-989ae34840-600x367.jpg 600w","medium_srcset":"https:\/\/danyelle-yachting.com\/wp-content\/uploads\/2023\/01\/010-989ae34840-300x184.jpg 300w, https:\/\/danyelle-yachting.com\/wp-content\/uploads\/2023\/01\/010-989ae34840-600x367.jpg 600w, https:\/\/danyelle-yachting.com\/wp-content\/uploads\/2023\/01\/010-989ae34840.jpg 670w","media_details":{"width":670,"height":410,"sizes":{"medium":{"file":"010-989ae34840-300x184.jpg","width":300,"height":184,"mime-type":"image\/jpeg","filesize":11980,"source_url":"https:\/\/danyelle-yachting.com\/wp-content\/uploads\/2023\/01\/010-989ae34840-300x184.jpg"},"thumbnail":{"file":"010-989ae34840-150x150.jpg","width":150,"height":150,"mime-type":"image\/jpeg","filesize":5917,"source_url":"https:\/\/danyelle-yachting.com\/wp-content\/uploads\/2023\/01\/010-989ae34840-150x150.jpg"},"woocommerce_thumbnail":{"file":"010-989ae34840-300x300.jpg","width":300,"height":300,"mime-type":"image\/jpeg","filesize":18131,"uncropped":false,"source_url":"https:\/\/danyelle-yachting.com\/wp-content\/uploads\/2023\/01\/010-989ae34840-300x300.jpg"},"woocommerce_single":{"file":"010-989ae34840-600x367.jpg","width":600,"height":367,"mime-type":"image\/jpeg","filesize":37025,"source_url":"https:\/\/danyelle-yachting.com\/wp-content\/uploads\/2023\/01\/010-989ae34840-600x367.jpg"},"woocommerce_gallery_thumbnail":{"file":"010-989ae34840-100x100.jpg","width":100,"height":100,"mime-type":"image\/jpeg","filesize":3242,"source_url":"https:\/\/danyelle-yachting.com\/wp-content\/uploads\/2023\/01\/010-989ae34840-100x100.jpg"}}},"alt_text":"","url":"","target":""},{"id":666,"title":"012-ccc68acb87","caption":"","full_image_url":"https:\/\/danyelle-yachting.com\/wp-content\/uploads\/2023\/01\/012-ccc68acb87.jpg","thumbnail_image_url":"https:\/\/danyelle-yachting.com\/wp-content\/uploads\/2023\/01\/012-ccc68acb87-150x150.jpg","large_srcset":"https:\/\/danyelle-yachting.com\/wp-content\/uploads\/2023\/01\/012-ccc68acb87.jpg 670w, https:\/\/danyelle-yachting.com\/wp-content\/uploads\/2023\/01\/012-ccc68acb87-300x184.jpg 300w, https:\/\/danyelle-yachting.com\/wp-content\/uploads\/2023\/01\/012-ccc68acb87-600x367.jpg 600w","medium_srcset":"https:\/\/danyelle-yachting.com\/wp-content\/uploads\/2023\/01\/012-ccc68acb87-300x184.jpg 300w, https:\/\/danyelle-yachting.com\/wp-content\/uploads\/2023\/01\/012-ccc68acb87-600x367.jpg 600w, https:\/\/danyelle-yachting.com\/wp-content\/uploads\/2023\/01\/012-ccc68acb87.jpg 670w","media_details":{"width":670,"height":410,"sizes":{"medium":{"file":"012-ccc68acb87-300x184.jpg","width":300,"height":184,"mime-type":"image\/jpeg","filesize":10577,"source_url":"https:\/\/danyelle-yachting.com\/wp-content\/uploads\/2023\/01\/012-ccc68acb87-300x184.jpg"},"thumbnail":{"file":"012-ccc68acb87-150x150.jpg","width":150,"height":150,"mime-type":"image\/jpeg","filesize":5267,"source_url":"https:\/\/danyelle-yachting.com\/wp-content\/uploads\/2023\/01\/012-ccc68acb87-150x150.jpg"},"woocommerce_thumbnail":{"file":"012-ccc68acb87-300x300.jpg","width":300,"height":300,"mime-type":"image\/jpeg","filesize":15665,"uncropped":false,"source_url":"https:\/\/danyelle-yachting.com\/wp-content\/uploads\/2023\/01\/012-ccc68acb87-300x300.jpg"},"woocommerce_single":{"file":"012-ccc68acb87-600x367.jpg","width":600,"height":367,"mime-type":"image\/jpeg","filesize":31557,"source_url":"https:\/\/danyelle-yachting.com\/wp-content\/uploads\/2023\/01\/012-ccc68acb87-600x367.jpg"},"woocommerce_gallery_thumbnail":{"file":"012-ccc68acb87-100x100.jpg","width":100,"height":100,"mime-type":"image\/jpeg","filesize":2965,"source_url":"https:\/\/danyelle-yachting.com\/wp-content\/uploads\/2023\/01\/012-ccc68acb87-100x100.jpg"}}},"alt_text":"","url":"","target":""},{"id":669,"title":"020-96f0a33671","caption":"","full_image_url":"https:\/\/danyelle-yachting.com\/wp-content\/uploads\/2023\/01\/020-96f0a33671.jpg","thumbnail_image_url":"https:\/\/danyelle-yachting.com\/wp-content\/uploads\/2023\/01\/020-96f0a33671-150x150.jpg","large_srcset":"https:\/\/danyelle-yachting.com\/wp-content\/uploads\/2023\/01\/020-96f0a33671.jpg 670w, https:\/\/danyelle-yachting.com\/wp-content\/uploads\/2023\/01\/020-96f0a33671-300x184.jpg 300w, https:\/\/danyelle-yachting.com\/wp-content\/uploads\/2023\/01\/020-96f0a33671-600x367.jpg 600w","medium_srcset":"https:\/\/danyelle-yachting.com\/wp-content\/uploads\/2023\/01\/020-96f0a33671-300x184.jpg 300w, https:\/\/danyelle-yachting.com\/wp-content\/uploads\/2023\/01\/020-96f0a33671-600x367.jpg 600w, https:\/\/danyelle-yachting.com\/wp-content\/uploads\/2023\/01\/020-96f0a33671.jpg 670w","media_details":{"width":670,"height":410,"sizes":{"medium":{"file":"020-96f0a33671-300x184.jpg","width":300,"height":184,"mime-type":"image\/jpeg","filesize":12291,"source_url":"https:\/\/danyelle-yachting.com\/wp-content\/uploads\/2023\/01\/020-96f0a33671-300x184.jpg"},"thumbnail":{"file":"020-96f0a33671-150x150.jpg","width":150,"height":150,"mime-type":"image\/jpeg","filesize":5473,"source_url":"https:\/\/danyelle-yachting.com\/wp-content\/uploads\/2023\/01\/020-96f0a33671-150x150.jpg"},"woocommerce_thumbnail":{"file":"020-96f0a33671-300x300.jpg","width":300,"height":300,"mime-type":"image\/jpeg","filesize":16148,"uncropped":false,"source_url":"https:\/\/danyelle-yachting.com\/wp-content\/uploads\/2023\/01\/020-96f0a33671-300x300.jpg"},"woocommerce_single":{"file":"020-96f0a33671-600x367.jpg","width":600,"height":367,"mime-type":"image\/jpeg","filesize":37881,"source_url":"https:\/\/danyelle-yachting.com\/wp-content\/uploads\/2023\/01\/020-96f0a33671-600x367.jpg"},"woocommerce_gallery_thumbnail":{"file":"020-96f0a33671-100x100.jpg","width":100,"height":100,"mime-type":"image\/jpeg","filesize":3088,"source_url":"https:\/\/danyelle-yachting.com\/wp-content\/uploads\/2023\/01\/020-96f0a33671-100x100.jpg"}}},"alt_text":"","url":"","target":""},{"id":667,"title":"016-634e50c539","caption":"","full_image_url":"https:\/\/danyelle-yachting.com\/wp-content\/uploads\/2023\/01\/016-634e50c539.jpg","thumbnail_image_url":"https:\/\/danyelle-yachting.com\/wp-content\/uploads\/2023\/01\/016-634e50c539-150x150.jpg","large_srcset":"https:\/\/danyelle-yachting.com\/wp-content\/uploads\/2023\/01\/016-634e50c539.jpg 670w, https:\/\/danyelle-yachting.com\/wp-content\/uploads\/2023\/01\/016-634e50c539-300x184.jpg 300w, https:\/\/danyelle-yachting.com\/wp-content\/uploads\/2023\/01\/016-634e50c539-600x367.jpg 600w","medium_srcset":"https:\/\/danyelle-yachting.com\/wp-content\/uploads\/2023\/01\/016-634e50c539-300x184.jpg 300w, https:\/\/danyelle-yachting.com\/wp-content\/uploads\/2023\/01\/016-634e50c539-600x367.jpg 600w, https:\/\/danyelle-yachting.com\/wp-content\/uploads\/2023\/01\/016-634e50c539.jpg 670w","media_details":{"width":670,"height":410,"sizes":{"medium":{"file":"016-634e50c539-300x184.jpg","width":300,"height":184,"mime-type":"image\/jpeg","filesize":8940,"source_url":"https:\/\/danyelle-yachting.com\/wp-content\/uploads\/2023\/01\/016-634e50c539-300x184.jpg"},"thumbnail":{"file":"016-634e50c539-150x150.jpg","width":150,"height":150,"mime-type":"image\/jpeg","filesize":4259,"source_url":"https:\/\/danyelle-yachting.com\/wp-content\/uploads\/2023\/01\/016-634e50c539-150x150.jpg"},"woocommerce_thumbnail":{"file":"016-634e50c539-300x300.jpg","width":300,"height":300,"mime-type":"image\/jpeg","filesize":11911,"uncropped":false,"source_url":"https:\/\/danyelle-yachting.com\/wp-content\/uploads\/2023\/01\/016-634e50c539-300x300.jpg"},"woocommerce_single":{"file":"016-634e50c539-600x367.jpg","width":600,"height":367,"mime-type":"image\/jpeg","filesize":25560,"source_url":"https:\/\/danyelle-yachting.com\/wp-content\/uploads\/2023\/01\/016-634e50c539-600x367.jpg"},"woocommerce_gallery_thumbnail":{"file":"016-634e50c539-100x100.jpg","width":100,"height":100,"mime-type":"image\/jpeg","filesize":2463,"source_url":"https:\/\/danyelle-yachting.com\/wp-content\/uploads\/2023\/01\/016-634e50c539-100x100.jpg"}}},"alt_text":"","url":"","target":""},{"id":670,"title":"022-29f546c7aa","caption":"","full_image_url":"https:\/\/danyelle-yachting.com\/wp-content\/uploads\/2023\/01\/022-29f546c7aa.jpg","thumbnail_image_url":"https:\/\/danyelle-yachting.com\/wp-content\/uploads\/2023\/01\/022-29f546c7aa-150x150.jpg","large_srcset":"https:\/\/danyelle-yachting.com\/wp-content\/uploads\/2023\/01\/022-29f546c7aa.jpg 670w, https:\/\/danyelle-yachting.com\/wp-content\/uploads\/2023\/01\/022-29f546c7aa-300x184.jpg 300w, https:\/\/danyelle-yachting.com\/wp-content\/uploads\/2023\/01\/022-29f546c7aa-600x367.jpg 600w","medium_srcset":"https:\/\/danyelle-yachting.com\/wp-content\/uploads\/2023\/01\/022-29f546c7aa-300x184.jpg 300w, https:\/\/danyelle-yachting.com\/wp-content\/uploads\/2023\/01\/022-29f546c7aa-600x367.jpg 600w, https:\/\/danyelle-yachting.com\/wp-content\/uploads\/2023\/01\/022-29f546c7aa.jpg 670w","media_details":{"width":670,"height":410,"sizes":{"medium":{"file":"022-29f546c7aa-300x184.jpg","width":300,"height":184,"mime-type":"image\/jpeg","filesize":11362,"source_url":"https:\/\/danyelle-yachting.com\/wp-content\/uploads\/2023\/01\/022-29f546c7aa-300x184.jpg"},"thumbnail":{"file":"022-29f546c7aa-150x150.jpg","width":150,"height":150,"mime-type":"image\/jpeg","filesize":6199,"source_url":"https:\/\/danyelle-yachting.com\/wp-content\/uploads\/2023\/01\/022-29f546c7aa-150x150.jpg"},"woocommerce_thumbnail":{"file":"022-29f546c7aa-300x300.jpg","width":300,"height":300,"mime-type":"image\/jpeg","filesize":17439,"uncropped":false,"source_url":"https:\/\/danyelle-yachting.com\/wp-content\/uploads\/2023\/01\/022-29f546c7aa-300x300.jpg"},"woocommerce_single":{"file":"022-29f546c7aa-600x367.jpg","width":600,"height":367,"mime-type":"image\/jpeg","filesize":32281,"source_url":"https:\/\/danyelle-yachting.com\/wp-content\/uploads\/2023\/01\/022-29f546c7aa-600x367.jpg"},"woocommerce_gallery_thumbnail":{"file":"022-29f546c7aa-100x100.jpg","width":100,"height":100,"mime-type":"image\/jpeg","filesize":3530,"source_url":"https:\/\/danyelle-yachting.com\/wp-content\/uploads\/2023\/01\/022-29f546c7aa-100x100.jpg"}}},"alt_text":"","url":"","target":""},{"id":668,"title":"019-6554b84ad7","caption":"","full_image_url":"https:\/\/danyelle-yachting.com\/wp-content\/uploads\/2023\/01\/019-6554b84ad7.jpg","thumbnail_image_url":"https:\/\/danyelle-yachting.com\/wp-content\/uploads\/2023\/01\/019-6554b84ad7-150x150.jpg","large_srcset":"https:\/\/danyelle-yachting.com\/wp-content\/uploads\/2023\/01\/019-6554b84ad7.jpg 670w, https:\/\/danyelle-yachting.com\/wp-content\/uploads\/2023\/01\/019-6554b84ad7-300x184.jpg 300w, https:\/\/danyelle-yachting.com\/wp-content\/uploads\/2023\/01\/019-6554b84ad7-600x367.jpg 600w","medium_srcset":"https:\/\/danyelle-yachting.com\/wp-content\/uploads\/2023\/01\/019-6554b84ad7-300x184.jpg 300w, https:\/\/danyelle-yachting.com\/wp-content\/uploads\/2023\/01\/019-6554b84ad7-600x367.jpg 600w, https:\/\/danyelle-yachting.com\/wp-content\/uploads\/2023\/01\/019-6554b84ad7.jpg 670w","media_details":{"width":670,"height":410,"sizes":{"medium":{"file":"019-6554b84ad7-300x184.jpg","width":300,"height":184,"mime-type":"image\/jpeg","filesize":9780,"source_url":"https:\/\/danyelle-yachting.com\/wp-content\/uploads\/2023\/01\/019-6554b84ad7-300x184.jpg"},"thumbnail":{"file":"019-6554b84ad7-150x150.jpg","width":150,"height":150,"mime-type":"image\/jpeg","filesize":4854,"source_url":"https:\/\/danyelle-yachting.com\/wp-content\/uploads\/2023\/01\/019-6554b84ad7-150x150.jpg"},"woocommerce_thumbnail":{"file":"019-6554b84ad7-300x300.jpg","width":300,"height":300,"mime-type":"image\/jpeg","filesize":13801,"uncropped":false,"source_url":"https:\/\/danyelle-yachting.com\/wp-content\/uploads\/2023\/01\/019-6554b84ad7-300x300.jpg"},"woocommerce_single":{"file":"019-6554b84ad7-600x367.jpg","width":600,"height":367,"mime-type":"image\/jpeg","filesize":28392,"source_url":"https:\/\/danyelle-yachting.com\/wp-content\/uploads\/2023\/01\/019-6554b84ad7-600x367.jpg"},"woocommerce_gallery_thumbnail":{"file":"019-6554b84ad7-100x100.jpg","width":100,"height":100,"mime-type":"image\/jpeg","filesize":2772,"source_url":"https:\/\/danyelle-yachting.com\/wp-content\/uploads\/2023\/01\/019-6554b84ad7-100x100.jpg"}}},"alt_text":"","url":"","target":""}]]}},"_links":{"self":[{"href":"https:\/\/danyelle-yachting.com\/hr\/wp-json\/wp\/v2\/product\/183","targetHints":{"allow":["GET"]}}],"collection":[{"href":"https:\/\/danyelle-yachting.com\/hr\/wp-json\/wp\/v2\/product"}],"about":[{"href":"https:\/\/danyelle-yachting.com\/hr\/wp-json\/wp\/v2\/types\/product"}],"wp:featuredmedia":[{"embeddable":true,"href":"https:\/\/danyelle-yachting.com\/hr\/wp-json\/wp\/v2\/media\/184"}],"wp:attachment":[{"href":"https:\/\/danyelle-yachting.com\/hr\/wp-json\/wp\/v2\/media?parent=183"}],"wp:term":[{"taxonomy":"product_brand","embeddable":true,"href":"https:\/\/danyelle-yachting.com\/hr\/wp-json\/wp\/v2\/product_brand?post=183"},{"taxonomy":"product_cat","embeddable":true,"href":"https:\/\/danyelle-yachting.com\/hr\/wp-json\/wp\/v2\/product_cat?post=183"},{"taxonomy":"product_tag","embeddable":true,"href":"https:\/\/danyelle-yachting.com\/hr\/wp-json\/wp\/v2\/product_tag?post=183"},{"taxonomy":"homepage","embeddable":true,"href":"https:\/\/danyelle-yachting.com\/hr\/wp-json\/wp\/v2\/homepage?post=183"},{"taxonomy":"destination_taxonomy","embeddable":true,"href":"https:\/\/danyelle-yachting.com\/hr\/wp-json\/wp\/v2\/destination_taxonomy?post=183"}],"curies":[{"name":"wp","href":"https:\/\/api.w.org\/{rel}","templated":true}]}}